{"id":7,"date":"2025-12-15T18:10:17","date_gmt":"2025-12-15T17:10:17","guid":{"rendered":"http:\/\/mittbach-liste.de\/?page_id=7"},"modified":"2026-01-30T18:34:01","modified_gmt":"2026-01-30T17:34:01","slug":"startseite","status":"publish","type":"page","link":"https:\/\/mittbach-liste.de\/","title":{"rendered":"Startseite"},"content":{"rendered":"\t\t<div data-elementor-type=\"wp-post\" data-elementor-id=\"7\" class=\"elementor elementor-7\">\n\t\t\t\t<div class=\"elementor-element elementor-element-ff55e04 e-flex e-con-boxed e-con e-parent\" data-id=\"ff55e04\" data-element_type=\"container\" data-settings=\"{&quot;background_background&quot;:&quot;classic&quot;}\">\n\t\t\t\t\t<div class=\"e-con-inner\">\n\t\t\t\t\t<\/div>\n\t\t\t\t<\/div>\n\t\t<div class=\"elementor-element elementor-element-7fff394 e-flex e-con-boxed e-con e-parent\" data-id=\"7fff394\" data-element_type=\"container\">\n\t\t\t\t\t<div class=\"e-con-inner\">\n\t\t\t\t<div class=\"elementor-element elementor-element-28107c5 elementor-widget elementor-widget-menu-anchor\" data-id=\"28107c5\" data-element_type=\"widget\" data-widget_type=\"menu-anchor.default\">\n\t\t\t\t\t\t\t<div class=\"elementor-menu-anchor\" id=\"ueber-uns\"><\/div>\n\t\t\t\t\t\t<\/div>\n\t\t\t\t<div class=\"elementor-element elementor-element-fb1519b elementor-widget elementor-widget-spacer\" data-id=\"fb1519b\" data-element_type=\"widget\" data-widget_type=\"spacer.default\">\n\t\t\t\t\t\t\t<div class=\"elementor-spacer\">\n\t\t\t<div class=\"elementor-spacer-inner\"><\/div>\n\t\t<\/div>\n\t\t\t\t\t\t<\/div>\n\t\t\t\t<div class=\"elementor-element elementor-element-df66a09 elementor-widget elementor-widget-text-editor\" data-id=\"df66a09\" data-element_type=\"widget\" data-widget_type=\"text-editor.default\">\n\t\t\t\t\t\t\t\t\t<h2 data-start=\"84\" data-end=\"162\">Mittbach Liste \u2013 Freie Liste f\u00fcr Mittbach, Pemmering, Burgrain und Umgebung<\/h2>\n<p data-start=\"164\" data-end=\"374\">Die <strong data-start=\"168\" data-end=\"186\">Mittbach Liste<\/strong> tritt zur Marktgemeinderatswahl am <strong data-start=\"222\" data-end=\"238\">8. M\u00e4rz 2026<\/strong> als <strong data-start=\"243\" data-end=\"284\">freie, unabh\u00e4ngige W\u00e4hlergemeinschaft<\/strong> f\u00fcr die Marktgemeinde <strong data-start=\"303\" data-end=\"370\">Isen<\/strong> und die Ortsteile <strong data-start=\"303\" data-end=\"370\">Mittbach, Pemmering, Burgrain und die umliegenden Gemeindeteile<\/strong> an.<\/p>\n<p data-start=\"376\" data-end=\"713\">Wir sind <strong data-start=\"385\" data-end=\"398\">parteilos<\/strong>, vor Ort verwurzelt und kennen die Anliegen der Menschen in unseren Ortsteilen aus eigener Erfahrung. Unsere Kandidatinnen und Kandidaten kommen aus <strong data-start=\"548\" data-end=\"598\">Mittbach, Pemmering, Burgrain und der Umgebung\u00a0<\/strong>und setzen sich f\u00fcr eine <strong data-start=\"624\" data-end=\"682\">sachliche, transparente und b\u00fcrgernahe Kommunalpolitik<\/strong> in der Marktgemeinde Isen ein.<\/p>\t\t\t\t\t\t\t\t<\/div>\n\t\t\t\t<div class=\"elementor-element elementor-element-3db1ca5 elementor-widget elementor-widget-text-editor\" data-id=\"3db1ca5\" data-element_type=\"widget\" data-widget_type=\"text-editor.default\">\n\t\t\t\t\t\t\t\t\t<h3 data-start=\"143\" data-end=\"163\">Daf\u00fcr stehen wir<\/h3>\t\t\t\t\t\t\t\t<\/div>\n\t\t\t\t<div class=\"elementor-element elementor-element-536e310 elementor-align-center elementor-icon-list--layout-traditional elementor-list-item-link-full_width elementor-widget elementor-widget-icon-list\" data-id=\"536e310\" data-element_type=\"widget\" data-widget_type=\"icon-list.default\">\n\t\t\t\t\t\t\t<ul class=\"elementor-icon-list-items\">\n\t\t\t\t\t\t\t<li class=\"elementor-icon-list-item\">\n\t\t\t\t\t\t\t\t\t\t\t<span class=\"elementor-icon-list-icon\">\n\t\t\t\t\t\t\t<svg aria-hidden=\"true\" class=\"e-font-icon-svg e-fas-check\" viewBox=\"0 0 512 512\" xmlns=\"http:\/\/www.w3.org\/2000\/svg\"><path d=\"M173.898 439.404l-166.4-166.4c-9.997-9.997-9.997-26.206 0-36.204l36.203-36.204c9.997-9.998 26.207-9.998 36.204 0L192 312.69 432.095 72.596c9.997-9.997 26.207-9.997 36.204 0l36.203 36.204c9.997 9.997 9.997 26.206 0 36.204l-294.4 294.401c-9.998 9.997-26.207 9.997-36.204-.001z\"><\/path><\/svg>\t\t\t\t\t\t<\/span>\n\t\t\t\t\t\t\t\t\t\t<span class=\"elementor-icon-list-text\">lebenswerte Ortsteile in der Marktgemeinde Isen<\/span>\n\t\t\t\t\t\t\t\t\t<\/li>\n\t\t\t\t\t\t\t\t<li class=\"elementor-icon-list-item\">\n\t\t\t\t\t\t\t\t\t\t\t<span class=\"elementor-icon-list-icon\">\n\t\t\t\t\t\t\t<svg aria-hidden=\"true\" class=\"e-font-icon-svg e-fas-check\" viewBox=\"0 0 512 512\" xmlns=\"http:\/\/www.w3.org\/2000\/svg\"><path d=\"M173.898 439.404l-166.4-166.4c-9.997-9.997-9.997-26.206 0-36.204l36.203-36.204c9.997-9.998 26.207-9.998 36.204 0L192 312.69 432.095 72.596c9.997-9.997 26.207-9.997 36.204 0l36.203 36.204c9.997 9.997 9.997 26.206 0 36.204l-294.4 294.401c-9.998 9.997-26.207 9.997-36.204-.001z\"><\/path><\/svg>\t\t\t\t\t\t<\/span>\n\t\t\t\t\t\t\t\t\t\t<span class=\"elementor-icon-list-text\">bezahlbarer Wohnraum &amp; sichere Wege f\u00fcr alle Generationen<\/span>\n\t\t\t\t\t\t\t\t\t<\/li>\n\t\t\t\t\t\t\t\t<li class=\"elementor-icon-list-item\">\n\t\t\t\t\t\t\t\t\t\t\t<span class=\"elementor-icon-list-icon\">\n\t\t\t\t\t\t\t<svg aria-hidden=\"true\" class=\"e-font-icon-svg e-fas-check\" viewBox=\"0 0 512 512\" xmlns=\"http:\/\/www.w3.org\/2000\/svg\"><path d=\"M173.898 439.404l-166.4-166.4c-9.997-9.997-9.997-26.206 0-36.204l36.203-36.204c9.997-9.998 26.207-9.998 36.204 0L192 312.69 432.095 72.596c9.997-9.997 26.207-9.997 36.204 0l36.203 36.204c9.997 9.997 9.997 26.206 0 36.204l-294.4 294.401c-9.998 9.997-26.207 9.997-36.204-.001z\"><\/path><\/svg>\t\t\t\t\t\t<\/span>\n\t\t\t\t\t\t\t\t\t\t<span class=\"elementor-icon-list-text\">starkes Ehrenamt, Vereine sowie Brauchtum &amp; Tradition<\/span>\n\t\t\t\t\t\t\t\t\t<\/li>\n\t\t\t\t\t\t\t\t<li class=\"elementor-icon-list-item\">\n\t\t\t\t\t\t\t\t\t\t\t<span class=\"elementor-icon-list-icon\">\n\t\t\t\t\t\t\t<svg aria-hidden=\"true\" class=\"e-font-icon-svg e-fas-check\" viewBox=\"0 0 512 512\" xmlns=\"http:\/\/www.w3.org\/2000\/svg\"><path d=\"M173.898 439.404l-166.4-166.4c-9.997-9.997-9.997-26.206 0-36.204l36.203-36.204c9.997-9.998 26.207-9.998 36.204 0L192 312.69 432.095 72.596c9.997-9.997 26.207-9.997 36.204 0l36.203 36.204c9.997 9.997 9.997 26.206 0 36.204l-294.4 294.401c-9.998 9.997-26.207 9.997-36.204-.001z\"><\/path><\/svg>\t\t\t\t\t\t<\/span>\n\t\t\t\t\t\t\t\t\t\t<span class=\"elementor-icon-list-text\">nachhaltige Entwicklung &amp; verantwortungsvoller Umweltschutz<\/span>\n\t\t\t\t\t\t\t\t\t<\/li>\n\t\t\t\t\t\t\t\t<li class=\"elementor-icon-list-item\">\n\t\t\t\t\t\t\t\t\t\t\t<span class=\"elementor-icon-list-icon\">\n\t\t\t\t\t\t\t<svg aria-hidden=\"true\" class=\"e-font-icon-svg e-fas-check\" viewBox=\"0 0 512 512\" xmlns=\"http:\/\/www.w3.org\/2000\/svg\"><path d=\"M173.898 439.404l-166.4-166.4c-9.997-9.997-9.997-26.206 0-36.204l36.203-36.204c9.997-9.998 26.207-9.998 36.204 0L192 312.69 432.095 72.596c9.997-9.997 26.207-9.997 36.204 0l36.203 36.204c9.997 9.997 9.997 26.206 0 36.204l-294.4 294.401c-9.998 9.997-26.207 9.997-36.204-.001z\"><\/path><\/svg>\t\t\t\t\t\t<\/span>\n\t\t\t\t\t\t\t\t\t\t<span class=\"elementor-icon-list-text\">Erhalt &amp; F\u00f6rderung von Landwirtschaft, Handwerk und \u00f6rtlichem Gewerbe<\/span>\n\t\t\t\t\t\t\t\t\t<\/li>\n\t\t\t\t\t\t\t\t<li class=\"elementor-icon-list-item\">\n\t\t\t\t\t\t\t\t\t\t\t<span class=\"elementor-icon-list-icon\">\n\t\t\t\t\t\t\t<svg aria-hidden=\"true\" class=\"e-font-icon-svg e-fas-check\" viewBox=\"0 0 512 512\" xmlns=\"http:\/\/www.w3.org\/2000\/svg\"><path d=\"M173.898 439.404l-166.4-166.4c-9.997-9.997-9.997-26.206 0-36.204l36.203-36.204c9.997-9.998 26.207-9.998 36.204 0L192 312.69 432.095 72.596c9.997-9.997 26.207-9.997 36.204 0l36.203 36.204c9.997 9.997 9.997 26.206 0 36.204l-294.4 294.401c-9.998 9.997-26.207 9.997-36.204-.001z\"><\/path><\/svg>\t\t\t\t\t\t<\/span>\n\t\t\t\t\t\t\t\t\t\t<span class=\"elementor-icon-list-text\">funktionierende Infrastruktur &amp; solide Gemeindefinanzen<\/span>\n\t\t\t\t\t\t\t\t\t<\/li>\n\t\t\t\t\t\t<\/ul>\n\t\t\t\t\t\t<\/div>\n\t\t\t\t\t<\/div>\n\t\t\t\t<\/div>\n\t\t<div class=\"elementor-element elementor-element-e96f50d e-flex e-con-boxed e-con e-parent\" data-id=\"e96f50d\" data-element_type=\"container\">\n\t\t\t\t\t<div class=\"e-con-inner\">\n\t\t\t\t<div class=\"elementor-element elementor-element-e303584 elementor-widget elementor-widget-text-editor\" data-id=\"e303584\" data-element_type=\"widget\" data-widget_type=\"text-editor.default\">\n\t\t\t\t\t\t\t\t\t<p data-start=\"467\" data-end=\"524\">Unser Ziel ist es, die Entwicklung Isens so mitzugestalten, dass <strong data-start=\"1107\" data-end=\"1189\">Mittbach, Pemmering, Burgrain und die umliegenden Ortsteile lebenswert bleiben<\/strong> \u2013 f\u00fcr heutige und kommende Generationen.<\/p><p data-start=\"1232\" data-end=\"1322\"><strong data-start=\"1232\" data-end=\"1322\">Am 8. M\u00e4rz 2026: Mittbach Liste w\u00e4hlen.<br data-start=\"1273\" data-end=\"1276\" \/>Unabh\u00e4ngig. Engagiert. F\u00fcr unsere Ortsteile.<\/strong><\/p>\t\t\t\t\t\t\t\t<\/div>\n\t\t\t\t<div class=\"elementor-element elementor-element-2bb6d80 elementor-align-center elementor-widget elementor-widget-button\" data-id=\"2bb6d80\" data-element_type=\"widget\" data-widget_type=\"button.default\">\n\t\t\t\t\t\t\t\t\t\t<a class=\"elementor-button elementor-button-link elementor-size-sm\" href=\"https:\/\/mittbach-liste.de\/wp-content\/uploads\/2026\/01\/Mittbach-Liste_2026-zD.pdf\" target=\"_blank\">\n\t\t\t\t\t\t<span class=\"elementor-button-content-wrapper\">\n\t\t\t\t\t\t\t\t\t<span class=\"elementor-button-text\">Unser Flyer<\/span>\n\t\t\t\t\t<\/span>\n\t\t\t\t\t<\/a>\n\t\t\t\t\t\t\t\t<\/div>\n\t\t\t\t\t<\/div>\n\t\t\t\t<\/div>\n\t\t<div class=\"elementor-element elementor-element-14ebea2 e-flex e-con-boxed e-con e-parent\" data-id=\"14ebea2\" data-element_type=\"container\">\n\t\t\t\t\t<div class=\"e-con-inner\">\n\t\t\t\t<div class=\"elementor-element elementor-element-69cc964 elementor-widget elementor-widget-menu-anchor\" data-id=\"69cc964\" data-element_type=\"widget\" data-widget_type=\"menu-anchor.default\">\n\t\t\t\t\t\t\t<div class=\"elementor-menu-anchor\" id=\"termine\"><\/div>\n\t\t\t\t\t\t<\/div>\n\t\t\t\t<div class=\"elementor-element elementor-element-f0bd2f7 elementor-widget elementor-widget-image\" data-id=\"f0bd2f7\" data-element_type=\"widget\" data-widget_type=\"image.default\">\n\t\t\t\t\t\t\t\t\t\t\t\t\t\t\t<img fetchpriority=\"high\" decoding=\"async\" width=\"731\" height=\"1024\" src=\"https:\/\/mittbach-liste.de\/wp-content\/uploads\/2026\/01\/fba62f7b-1c30-40b1-9690-6d0d8146c442-731x1024.jpg\" class=\"attachment-large size-large wp-image-41\" alt=\"\" srcset=\"https:\/\/mittbach-liste.de\/wp-content\/uploads\/2026\/01\/fba62f7b-1c30-40b1-9690-6d0d8146c442-731x1024.jpg 731w, https:\/\/mittbach-liste.de\/wp-content\/uploads\/2026\/01\/fba62f7b-1c30-40b1-9690-6d0d8146c442-214x300.jpg 214w, https:\/\/mittbach-liste.de\/wp-content\/uploads\/2026\/01\/fba62f7b-1c30-40b1-9690-6d0d8146c442-768x1076.jpg 768w, https:\/\/mittbach-liste.de\/wp-content\/uploads\/2026\/01\/fba62f7b-1c30-40b1-9690-6d0d8146c442-1096x1536.jpg 1096w, https:\/\/mittbach-liste.de\/wp-content\/uploads\/2026\/01\/fba62f7b-1c30-40b1-9690-6d0d8146c442.jpg 1142w\" sizes=\"(max-width: 731px) 100vw, 731px\" \/>\t\t\t\t\t\t\t\t\t\t\t\t\t\t\t<\/div>\n\t\t\t\t\t<\/div>\n\t\t\t\t<\/div>\n\t\t\t\t<\/div>\n\t\t","protected":false},"excerpt":{"rendered":"<p>Mittbach Liste \u2013 Freie Liste f\u00fcr Mittbach, Pemmering, Burgrain und Umgebung Die Mittbach Liste tritt zur Marktgemeinderatswahl am 8. M\u00e4rz 2026 als freie, unabh\u00e4ngige W\u00e4hlergemeinschaft f\u00fcr die Marktgemeinde Isen und die Ortsteile Mittbach, Pemmering, Burgrain und die umliegenden Gemeindeteile an. Wir sind parteilos, vor Ort verwurzelt und kennen die Anliegen der Menschen in unseren Ortsteilen [&hellip;]<\/p>\n","protected":false},"author":1,"featured_media":0,"parent":0,"menu_order":0,"comment_status":"closed","ping_status":"closed","template":"elementor_header_footer","meta":{"footnotes":""},"class_list":["post-7","page","type-page","status-publish","hentry","entry"],"_links":{"self":[{"href":"https:\/\/mittbach-liste.de\/index.php\/wp-json\/wp\/v2\/pages\/7","targetHints":{"allow":["GET"]}}],"collection":[{"href":"https:\/\/mittbach-liste.de\/index.php\/wp-json\/wp\/v2\/pages"}],"about":[{"href":"https:\/\/mittbach-liste.de\/index.php\/wp-json\/wp\/v2\/types\/page"}],"author":[{"embeddable":true,"href":"https:\/\/mittbach-liste.de\/index.php\/wp-json\/wp\/v2\/users\/1"}],"replies":[{"embeddable":true,"href":"https:\/\/mittbach-liste.de\/index.php\/wp-json\/wp\/v2\/comments?post=7"}],"version-history":[{"count":35,"href":"https:\/\/mittbach-liste.de\/index.php\/wp-json\/wp\/v2\/pages\/7\/revisions"}],"predecessor-version":[{"id":74,"href":"https:\/\/mittbach-liste.de\/index.php\/wp-json\/wp\/v2\/pages\/7\/revisions\/74"}],"wp:attachment":[{"href":"https:\/\/mittbach-liste.de\/index.php\/wp-json\/wp\/v2\/media?parent=7"}],"curies":[{"name":"wp","href":"https:\/\/api.w.org\/{rel}","templated":true}]}}